{"id":76,"date":"2023-09-19T14:15:26","date_gmt":"2023-09-19T12:15:26","guid":{"rendered":"https:\/\/cursos.deglucionatipica.com\/index.php\/terminos-y-condiciones\/"},"modified":"2023-09-24T11:14:19","modified_gmt":"2023-09-24T09:14:19","slug":"terminos-y-condiciones","status":"publish","type":"page","link":"https:\/\/cursos.deglucionatipica.com\/index.php\/terminos-y-condiciones\/","title":{"rendered":"T\u00e9rminos y condiciones"},"content":{"rendered":"\t\t<div data-elementor-type=\"wp-page\" data-elementor-id=\"76\" class=\"elementor elementor-76\">\n\t\t\t\t\t\t\t<div class=\"elementor-element elementor-element-54cb7c9b e-flex e-con-boxed e-con e-parent\" data-id=\"54cb7c9b\" data-element_type=\"container\" data-settings=\"{&quot;content_width&quot;:&quot;boxed&quot;}\" data-core-v316-plus=\"true\">\n\t\t\t\t\t<div class=\"e-con-inner\">\n\t\t\t\t<div class=\"elementor-element elementor-element-2095befa elementor-widget elementor-widget-text-editor\" data-id=\"2095befa\" data-element_type=\"widget\" data-widget_type=\"text-editor.default\">\n\t\t\t\t<div class=\"elementor-widget-container\">\n\t\t\t<style>\/*! elementor - v3.16.0 - 20-09-2023 *\/\n.elementor-widget-text-editor.elementor-drop-cap-view-stacked .elementor-drop-cap{background-color:#69727d;color:#fff}.elementor-widget-text-editor.elementor-drop-cap-view-framed .elementor-drop-cap{color:#69727d;border:3px solid;background-color:transparent}.elementor-widget-text-editor:not(.elementor-drop-cap-view-default) .elementor-drop-cap{margin-top:8px}.elementor-widget-text-editor:not(.elementor-drop-cap-view-default) .elementor-drop-cap-letter{width:1em;height:1em}.elementor-widget-text-editor .elementor-drop-cap{float:left;text-align:center;line-height:1;font-size:50px}.elementor-widget-text-editor .elementor-drop-cap-letter{display:inline-block}<\/style>\t\t\t\t<!-- wp:paragraph -->\n<p>1. NUESTROS DATOS<\/p>\n<!-- \/wp:paragraph --><!-- wp:paragraph -->\n<p>Beatriz Ruiz Luna es la titular del sitio web\u00a0<a href=\"https:\/\/deglucionatipica.com\">https:\/\/deglucionatipica.com<\/a> en adelante, el Sitio Web. Su domicilio se encuentra situado en la calle Pintor V\u00e1zquez D\u00edaz, 7 Escalona (Toledo).<\/p>\n<!-- \/wp:paragraph --><!-- wp:paragraph -->\n<p>2. INTRODUCCI\u00d3N<\/p>\n<!-- \/wp:paragraph --><!-- wp:paragraph -->\n<p>El presente documento (conjuntamente con todos los documentos en \u00e9l mencionados) establece las condiciones por las que se rige el uso de este Sitio Web y compra e impartici\u00f3n de los programas de acompa\u00f1amiento y formaciones ofertadas.<\/p>\n<!-- \/wp:paragraph --><!-- wp:paragraph -->\n<p>Le rogamos que lea atentamente los presentes\u00a0T\u00e9rminos y Condiciones, el\u00a0<a href=\"https:\/\/deglucionatipica.com\/aviso-legal\/\">Aviso Legal<\/a>, nuestra\u00a0<a href=\"https:\/\/deglucionatipica.com\/politica-de-cookies\/\">Pol\u00edtica de Cookies<\/a>\u00a0y nuestra\u00a0<a href=\"https:\/\/deglucionatipica.com\/politica-de-privacidad\/\">Pol\u00edtica de Privacidad<\/a>\u00a0antes de usar esta p\u00e1gina web. Al utilizar esta p\u00e1gina web y darse de alta como usuario o alumno a trav\u00e9s de la misma usted consiente quedar vinculado por las mismas.<\/p>\n<!-- \/wp:paragraph --><!-- wp:paragraph -->\n<p>Se entender\u00e1 por \u201cUsuario\u201d la persona f\u00edsica que previa aceptaci\u00f3n de las presentes Condiciones, crea una cuenta o se da de alta como alumno en las formaciones ofertadas.<\/p>\n<!-- \/wp:paragraph --><!-- wp:paragraph -->\n<p>La aceptaci\u00f3n de los presentes T\u00e9rminos y Condiciones Generales es obligatoria e imprescindible para la compra del Curso. Por tanto, tal aceptaci\u00f3n habr\u00e1 de producirse en el momento de registro del Usuario en el Curso.<\/p>\n<!-- \/wp:paragraph --><!-- wp:paragraph -->\n<p>Las presentes Condiciones regir\u00e1n la relaci\u00f3n entre las Partes (Beatriz Ruiz y el Usuario). Beatriz Ruiz se reserva el derecho de modificar los presentes T\u00e9rminos y Condiciones que, en su caso, hayan sido establecidos para la suscripci\u00f3n al Curso a trav\u00e9s del Sitio Web, cuando lo considere oportuno o con la finalidad de adecuar dichos textos a los cambios legislativos y tecnol\u00f3gicos, siendo v\u00e1lidas y surtiendo efectos desde la publicaci\u00f3n en el Sitio Web de las nuevas versiones. La vigencia temporal de estos T\u00e9rminos y Condiciones coincide, por lo tanto, con el tiempo de su exposici\u00f3n, hasta que sean modificadas total o parcialmente, momento en el cual pasar\u00e1n a tener vigencia las condiciones modificadas, dichas modificaciones no afectar\u00e1n en ning\u00fan caso a las suscripciones realizadas con anterioridad a su entrada en vigor.<\/p>\n<!-- \/wp:paragraph --><!-- wp:paragraph -->\n<p>3. OBJETO<\/p>\n<!-- \/wp:paragraph --><!-- wp:paragraph -->\n<p>Beatriz Ruiz, a trav\u00e9s de esta p\u00e1gina web presta el servicio de formaci\u00f3nonline mediante el Curso.<\/p>\n<!-- \/wp:paragraph --><!-- wp:paragraph -->\n<p>El Curso le ofrece un derecho de acceso limitado al contenido de este Sitio Web, siempre que cumpla con los presentes T\u00e9rminos y Condiciones. El material educativo del Curso disponible en este Sitio Web es para uso exclusivamente privado. Los servicios ofrecidos son solamente accesibles para alumnos suscritos al Curso, y no se podr\u00e1n difundir bajo ning\u00fan precepto. Al suscribirse como alumno en el Curso el Usuario acepta cumplir con los presentes T\u00e9rminos y Condiciones.<\/p>\n<!-- \/wp:paragraph --><!-- wp:paragraph -->\n<p>El Curso consta de 17 lecciones audiovisuales y 3 cuestionarios de evaluaci\u00f3n. El Usuario tendr\u00e1 a su disposici\u00f3n todas lecciones del Curso para que las administre a su manera.<\/p>\n<!-- \/wp:paragraph --><!-- wp:paragraph -->\n<p>El Curso tienen el car\u00e1cter de ense\u00f1anza no reglada y no conducente a la obtenci\u00f3n de un t\u00edtulo con valor oficial.<\/p>\n<!-- \/wp:paragraph --><!-- wp:paragraph -->\n<p>4. ACCESO Y USO DEL SITIO WEB<\/p>\n<!-- \/wp:paragraph --><!-- wp:paragraph -->\n<p>El Usuario del Curso deber\u00e1 ser mayor de edad y ser\u00e1 responsable de aportar informaci\u00f3n veraz y l\u00edcita, garantizando la autenticidad de todos aquellos datos que introduzca a la hora de cumplimentar los formularios preestablecidos para su registro en el Curso.<\/p>\n<!-- \/wp:paragraph --><!-- wp:paragraph -->\n<p>Si como consecuencia del registro, se dotara al Usuario de un usuario y contrase\u00f1a, u otros medios similares de identificaci\u00f3n y autenticaci\u00f3n, \u00e9ste se compromete a hacer un uso diligente y garantizar la confidencialidad de los mismos. En consecuencia, los Usuarios son responsables de la adecuada custodia y confidencialidad de cualesquiera identificadores y\/o contrase\u00f1as que le sean suministrados por el Grupo Vaughan, y se comprometen a no ceder su uso a terceros, ya sea de forma temporal o permanente, ni a permitir su utilizaci\u00f3n por personas ajenas.<\/p>\n<!-- \/wp:paragraph --><!-- wp:paragraph -->\n<p>Ser\u00e1 responsabilidad exclusiva del Usuario la utilizaci\u00f3n del Curso ofrecido en la p\u00e1gina web, por parte de cualquier tercero que emplee a tal efecto un identificador y contrase\u00f1a suministrado al Usuario, a causa de una actuaci\u00f3n no diligente, suministro voluntario o p\u00e9rdida de la misma por el Usuario sin notificarlo a Beatriz Ruiz.<\/p>\n<!-- \/wp:paragraph --><!-- wp:paragraph -->\n<p>5. PRECIO Y PAGO<\/p>\n<!-- \/wp:paragraph --><!-- wp:paragraph -->\n<p>Puede consultar el precio actualizado del Curso en el Sitio Web.<\/p>\n<!-- \/wp:paragraph --><!-- wp:paragraph -->\n<p>El Usuario puede abonar el Curso de forma segura a trav\u00e9s de Transferencia Bancaria o Bizum, sin necesidad de aportar datos bancarios en el Sitio Web. Una vez realizado el pago, deber\u00e1 aportar justificante del mismo para obtener acceso al Curso.<\/p>\n<!-- \/wp:paragraph --><!-- wp:paragraph -->\n<p>Beatriz Ruiz se reserva el derecho de cambiar los precios o proponer promociones especiales, entre otras acciones, en cualquier momento, tras haberlo anunciado en la p\u00e1gina web durante un tiempo razonable y haber informado a los miembros por e-mail. Los posibles cambios no afectar\u00e1n a las inscripciones que ya se hubieran realizado.<\/p>\n<!-- \/wp:paragraph --><!-- wp:paragraph -->\n<p>6. INSCRIPCI\u00d3N EN EL CURSO<\/p>\n<!-- \/wp:paragraph --><!-- wp:paragraph -->\n<p>La inscripci\u00f3n al Curso est\u00e1 garantizada siempre que el pago se haya llevado a cabo y a buen t\u00e9rmino por parte del Usuario.<\/p>\n<!-- \/wp:paragraph --><!-- wp:paragraph -->\n<p>El Curso empieza una vez el Usuario se inscribe y desde el momento en que recibe las claves de acceso. La inscripci\u00f3n al Curso se puede realizar en cualquier momento del a\u00f1o.<\/p>\n<!-- \/wp:paragraph --><!-- wp:paragraph -->\n<p>Las lecciones del Curso est\u00e1n disponibles durante el periodo de acceso contratado, por lo que si no se utilizan antes de finalizar el periodo de suscripci\u00f3n, las lecciones no utilizadas se perder\u00e1n y no ser\u00e1n reembolsadas.<\/p>\n<!-- \/wp:paragraph --><!-- wp:paragraph -->\n<p>7. DERECHO DE DESISTIMIENTO<\/p>\n<!-- \/wp:paragraph --><!-- wp:paragraph -->\n<p>El Usuario, si est\u00e1 contratando como consumidor y usuario, tendr\u00e1 derecho a desistir y dejar sin efecto la inscripci\u00f3n en el Curso a trav\u00e9s del Sitio Web, sin necesidad de justificar su decisi\u00f3n y sin penalizaci\u00f3n de ninguna clase, dentro del plazo de catorce (14) d\u00edas naturales desde la fecha de su celebraci\u00f3n online.<\/p>\n<!-- \/wp:paragraph --><!-- wp:paragraph -->\n<p>Beatriz Ruiz aconseja al Usuario que comunique su intenci\u00f3n de desistir del contrato utilizando el modelo de formulario de desistimiento que puede descargarse aqu\u00ed y que podr\u00e1 remitir a brl.logopeda@gmail.com.<\/p>\n<!-- \/wp:paragraph --><!-- wp:paragraph -->\n<p>En el supuesto de desistimiento antedicho, Beatriz Ruiz proceder\u00e1 a devolverle todos los pagos recibidos de Vd. sin ninguna demora indebida y, en todo caso, a m\u00e1s tardar catorce (14) d\u00edas naturales a partir de la fecha en la que se nos informe de su decisi\u00f3n de desistir del presente contrato. Proceder\u00e9 a efectuar dicho reembolso utilizando el mismo medio de pago empleado por usted para la transacci\u00f3n inicial. No incurrir\u00e1 en ning\u00fan gasto como consecuencia del reembolso.<\/p>\n<!-- \/wp:paragraph --><!-- wp:paragraph -->\n<p>8. POL\u00cdTICA DE PRIVACIDAD<\/p>\n<!-- \/wp:paragraph --><!-- wp:paragraph -->\n<p>La Pol\u00edtica de Privacidad forma parte integrante de los presentes T\u00e9rminos y Condiciones. Vd. deber\u00e1 leer y conocer la\u00a0<a href=\"https:\/\/deglucionatipica.com\/politica-de-privacidad\/\">Pol\u00edtica de Privacidad<\/a>; en particular siempre que proporcione o facilite datos de car\u00e1cter personal a trav\u00e9s del Sitio Web.<\/p>\n<!-- \/wp:paragraph --><!-- wp:paragraph -->\n<p>La informaci\u00f3n o datos personales que nos facilite sobre Vd. ser\u00e1n tratados con arreglo a lo establecido en la\u00a0Pol\u00edtica de Privacidad. Al hacer uso de esta p\u00e1gina web Vd. consiente el tratamiento de dicha informaci\u00f3n y datos y declara que toda la informaci\u00f3n o datos que nos facilite son veraces y se corresponden con la realidad.<\/p>\n<!-- \/wp:paragraph --><!-- wp:paragraph -->\n<p>9. COMUNICACIONES<\/p>\n<!-- \/wp:paragraph --><!-- wp:paragraph -->\n<p>Para cualquier comunicaci\u00f3n entre Beatriz Ruiz y el Usuario, \u00e9ste deber\u00e1 dirigirse a la direcci\u00f3n electr\u00f3nica brl.logopeda@gmail.com En todo caso, las comunicaciones de Beatriz Ruiz hacia el Usuario se realizar\u00e1n a los datos de contacto aportados o facilitados, preferentemente por v\u00eda electr\u00f3nica. A tal efecto, el Usuario acepta expresamente la utilizaci\u00f3n del correo electr\u00f3nico como procedimiento v\u00e1lido para el intercambio de informaci\u00f3n y la remisi\u00f3n de comunicaciones entre y\/o con Beatriz Ruiz.<\/p>\n<!-- \/wp:paragraph --><!-- wp:paragraph -->\n<p>10. GENERALIDADES<\/p>\n<!-- \/wp:paragraph --><!-- wp:paragraph -->\n<p>Los encabezamientos de las distintas cl\u00e1usulas son solo informativos, y no afectar\u00e1n, calificar\u00e1n o modificar\u00e1n la interpretaci\u00f3n de los T\u00e9rminos y Condiciones. En caso de existir discrepancia o contradicci\u00f3n entre lo establecido en estos T\u00e9rminos y Condiciones y las condiciones particulares que, en su caso, puedan ser establecidas respecto del Curso ofrecido en el Sitio Web, prevalecer\u00e1 lo dispuesto en las condiciones particulares. En el caso de que cualquier disposici\u00f3n o disposiciones de estos T\u00e9rminos y Condiciones fuera(n) considerada(s) nula(s) o inaplicable(s), en su totalidad o en parte, por cualquier Juzgado, Tribunal u \u00f3rgano administrativo competente, dicha nulidad o inaplicaci\u00f3n no afectar\u00e1 a las restantes disposiciones de los T\u00e9rminos y Condiciones ni a las condiciones particulares que, en su caso, hayan podido ser establecidas. El no ejercicio o no ejecuci\u00f3n, por parte de Beatriz Ruiz, de cualquier derecho o disposici\u00f3n contenida en estos T\u00e9rminos y Condiciones no constituir\u00e1 una renuncia al mismo, salvo reconocimiento y acuerdo por escrito por su parte.<\/p>\n<!-- \/wp:paragraph --><!-- wp:paragraph -->\n<p>11. COMENTARIOS, SUGERENCIAS, QUEJAS Y RECLAMACIONES<\/p>\n<!-- \/wp:paragraph --><!-- wp:paragraph -->\n<p>Sus comentarios y sugerencias ser\u00e1n bien recibidos. Le ruego que me env\u00ede tales comentarios y sugerencias, as\u00ed como cualquier consulta, queja o reclamaci\u00f3n, a trav\u00e9s del correo electr\u00f3nico <a href=\"mailto:brl.logopeda@gmail.com\">brl.logopeda@gmail.com<\/a>.<\/p>\n<!-- \/wp:paragraph --><!-- wp:paragraph -->\n<p>As\u00ed mismo, le informamos de que la Comisi\u00f3n Europea facilita una plataforma de resoluci\u00f3n de litigios en l\u00ednea que se encuentra disponible en el siguiente enlace:\u00a0<a href=\"http:\/\/ec.europa.eu\/consumers\/odr\/\">http:\/\/ec.europa.eu\/consumers\/odr\/<\/a>.<\/p>\n<!-- \/wp:paragraph --><!-- wp:paragraph -->\n<p>12. LEGISLACI\u00d3N APLICABLE Y TRIBUNALES COMPETENTES<\/p>\n<!-- \/wp:paragraph --><!-- wp:paragraph -->\n<p>Los presentes T\u00e9rminos y Condiciones y las relaciones establecidas entre Beatriz Ruiz Luna y el Usuario, en particular el conocimiento y resoluci\u00f3n de cualesquiera litigios, discrepancias o diferencias que pudieran surgir, se regir\u00e1n y resolver\u00e1n de conformidad con lo establecido en la normativa espa\u00f1ola relativa a legislaci\u00f3n aplicable y jurisdicci\u00f3n competente.<\/p>\n<!-- \/wp:paragraph --><!-- wp:paragraph -->\n<p><strong>ANEXO<\/strong><\/p>\n<!-- \/wp:paragraph --><!-- wp:paragraph -->\n<p><strong>MODELO DE FORMULARIO DE DESISTIMIENTO<\/strong><\/p>\n<!-- \/wp:paragraph --><!-- wp:paragraph -->\n<p>(Solo debe cumplimentar y enviar el presente formulario si desea desistir del contrato) Descarga el modelo de formulario de desistimiento\u00a0<a href=\"https:\/\/onedrive.live.com\/?cid=8912AEF8C43FD8EB&amp;id=8912AEF8C43FD8EB%2154594&amp;parId=8912AEF8C43FD8EB%2141584&amp;o=OneUp\">aqu\u00ed.<\/a><\/p>\n<!-- \/wp:paragraph -->\t\t\t\t\t\t<\/div>\n\t\t\t\t<\/div>\n\t\t\t\t\t<\/div>\n\t\t\t\t<\/div>\n\t\t\t\t\t\t\t<\/div>\n\t\t","protected":false},"excerpt":{"rendered":"<p>1. NUESTROS DATOS Beatriz Ruiz Luna es la titular del sitio web&nbsp;https:\/\/deglucionatipica.com en adelante, el Sitio Web. Su domicilio se &hellip;<\/p>\n<p class=\"read-more\"> <a class=\"\" href=\"https:\/\/cursos.deglucionatipica.com\/index.php\/terminos-y-condiciones\/\"> <span class=\"screen-reader-text\">T\u00e9rminos y condiciones<\/span> Leer m\u00e1s &raquo;<\/a><\/p>\n","protected":false},"author":1,"featured_media":0,"parent":0,"menu_order":0,"comment_status":"closed","ping_status":"closed","template":"","meta":{"site-sidebar-layout":"default","site-content-layout":"","ast-site-content-layout":"","site-content-style":"default","site-sidebar-style":"default","ast-global-header-display":"","ast-banner-title-visibility":"","ast-main-header-display":"","ast-hfb-above-header-display":"","ast-hfb-below-header-display":"","ast-hfb-mobile-header-display":"","site-post-title":"","ast-breadcrumbs-content":"","ast-featured-img":"","footer-sml-layout":"","theme-transparent-header-meta":"","adv-header-id-meta":"","stick-header-meta":"","header-above-stick-meta":"","header-main-stick-meta":"","header-below-stick-meta":"","astra-migrate-meta-layouts":"","footnotes":""},"_links":{"self":[{"href":"https:\/\/cursos.deglucionatipica.com\/index.php\/wp-json\/wp\/v2\/pages\/76"}],"collection":[{"href":"https:\/\/cursos.deglucionatipica.com\/index.php\/wp-json\/wp\/v2\/pages"}],"about":[{"href":"https:\/\/cursos.deglucionatipica.com\/index.php\/wp-json\/wp\/v2\/types\/page"}],"author":[{"embeddable":true,"href":"https:\/\/cursos.deglucionatipica.com\/index.php\/wp-json\/wp\/v2\/users\/1"}],"replies":[{"embeddable":true,"href":"https:\/\/cursos.deglucionatipica.com\/index.php\/wp-json\/wp\/v2\/comments?post=76"}],"version-history":[{"count":9,"href":"https:\/\/cursos.deglucionatipica.com\/index.php\/wp-json\/wp\/v2\/pages\/76\/revisions"}],"predecessor-version":[{"id":156,"href":"https:\/\/cursos.deglucionatipica.com\/index.php\/wp-json\/wp\/v2\/pages\/76\/revisions\/156"}],"wp:attachment":[{"href":"https:\/\/cursos.deglucionatipica.com\/index.php\/wp-json\/wp\/v2\/media?parent=76"}],"curies":[{"name":"wp","href":"https:\/\/api.w.org\/{rel}","templated":true}]}}